{"id":529,"date":"2025-10-20T15:59:31","date_gmt":"2025-10-20T13:59:31","guid":{"rendered":"https:\/\/morgansmexicanfood.com\/esdeveniments\/"},"modified":"2025-10-30T10:08:19","modified_gmt":"2025-10-30T09:08:19","slug":"esdeveniments","status":"publish","type":"page","link":"https:\/\/morgansmexicanfood.com\/ca\/esdeveniments\/","title":{"rendered":"Esdeveniments"},"content":{"rendered":"<p>[et_pb_section fb_built=&#8221;1&#8243; _builder_version=&#8221;4.27.4&#8243; _module_preset=&#8221;default&#8221; background_image=&#8221;https:\/\/morgansmexicanfood.com\/wp-content\/uploads\/morgans-eventos-header.webp&#8221; min_height=&#8221;60vh&#8221; custom_padding=&#8221;8em||8em||true|false&#8221; custom_css_main_element=&#8221;display:flex;||flex-flow:wrap;||align-content:center;&#8221; global_colors_info=&#8221;{}&#8221;][et_pb_row _builder_version=&#8221;4.27.4&#8243; _module_preset=&#8221;default&#8221; width=&#8221;100%&#8221; width_tablet=&#8221;90%&#8221; width_phone=&#8221;90%&#8221; width_last_edited=&#8221;on|tablet&#8221; max_width=&#8221;100%&#8221; max_width_tablet=&#8221;90%&#8221; max_width_phone=&#8221;90%&#8221; max_width_last_edited=&#8221;on|tablet&#8221; custom_padding=&#8221;0px||0px||true|false&#8221; global_colors_info=&#8221;{}&#8221;][et_pb_column type=&#8221;4_4&#8243; _builder_version=&#8221;4.27.4&#8243; _module_preset=&#8221;default&#8221; global_colors_info=&#8221;{}&#8221;][et_pb_text _builder_version=&#8221;4.27.4&#8243; _module_preset=&#8221;default&#8221; header_font=&#8221;Barlow Condensed|700||on|||||&#8221; header_text_align=&#8221;center&#8221; header_text_color=&#8221;#FFFFFF&#8221; header_font_size=&#8221;70px&#8221; header_2_font=&#8221;Barlow Condensed|||on|||||&#8221; header_2_text_align=&#8221;center&#8221; header_2_text_color=&#8221;#FFFFFF&#8221; header_2_font_size=&#8221;70px&#8221; hover_enabled=&#8221;0&#8243; locked=&#8221;off&#8221; global_colors_info=&#8221;{}&#8221; header_font_size_last_edited=&#8221;on|phone&#8221; sticky_enabled=&#8221;0&#8243; header_font_size_phone=&#8221;50px&#8221; header_font_size_tablet=&#8221;70px&#8221;]<\/p>\n<h1>Esdeveniments<\/h1>\n<p>[\/et_pb_text][\/et_pb_column][\/et_pb_row][et_pb_row _builder_version=&#8221;4.27.4&#8243; _module_preset=&#8221;default&#8221; width=&#8221;100%&#8221; width_tablet=&#8221;90%&#8221; width_phone=&#8221;90%&#8221; width_last_edited=&#8221;on|phone&#8221; max_width=&#8221;100%&#8221; max_width_tablet=&#8221;90%&#8221; max_width_phone=&#8221;90%&#8221; max_width_last_edited=&#8221;on|tablet&#8221; custom_padding=&#8221;0px||0px||true|false&#8221; global_colors_info=&#8221;{}&#8221;][et_pb_column type=&#8221;4_4&#8243; _builder_version=&#8221;4.27.4&#8243; _module_preset=&#8221;default&#8221; global_colors_info=&#8221;{}&#8221;][et_pb_text _builder_version=&#8221;4.27.4&#8243; _module_preset=&#8221;default&#8221; text_font=&#8221;Fraunces||on||||||&#8221; text_text_color=&#8221;#FFFFFF&#8221; text_font_size=&#8221;18px&#8221; text_orientation=&#8221;center&#8221; max_width=&#8221;850px&#8221; module_alignment=&#8221;center&#8221; custom_padding=&#8221;2em||2em||true|false&#8221; global_colors_info=&#8221;{}&#8221;]<\/p>\n<p class=\"p1\">Tens un esdeveniment? A Morgan\u2019s portem els nostres tacs, burritos i bon rotllo on tu vulguis. Cuina mexicana aut\u00e8ntica per gaudir i compartir sense complicacions.  <\/p>\n<p>[\/et_pb_text][\/et_pb_column][\/et_pb_row][et_pb_row _builder_version=&#8221;4.27.4&#8243; _module_preset=&#8221;default&#8221; width=&#8221;90%&#8221; max_width=&#8221;500px&#8221; custom_padding=&#8221;0px||0px||true|false&#8221; global_colors_info=&#8221;{}&#8221;][et_pb_column type=&#8221;4_4&#8243; _builder_version=&#8221;4.27.4&#8243; _module_preset=&#8221;default&#8221; global_colors_info=&#8221;{}&#8221;][et_pb_button button_url=&#8221;mailto:info@morgansmexicanfood.com&#8221; button_text=&#8221;info@morgansmexicanfood.com&#8221; button_alignment=&#8221;center&#8221; _builder_version=&#8221;4.27.4&#8243; _module_preset=&#8221;default&#8221; global_colors_info=&#8221;{}&#8221;][\/et_pb_button][\/et_pb_column][\/et_pb_row][\/et_pb_section][et_pb_section fb_built=&#8221;1&#8243; fullwidth=&#8221;on&#8221; _builder_version=&#8221;4.27.4&#8243; _module_preset=&#8221;default&#8221; locked=&#8221;off&#8221; global_colors_info=&#8221;{}&#8221;][et_pb_fullwidth_code module_class=&#8221;marquesina-rosa&#8221; _builder_version=&#8221;4.27.4&#8243; _module_preset=&#8221;default&#8221; background_enable_color=&#8221;off&#8221; custom_margin=&#8221;0px||0px||true|false&#8221; custom_padding=&#8221;0px||0px||true|false&#8221; global_colors_info=&#8221;{}&#8221;]<\/p>\n<div class=\"marquee-container\"><!-- [et_pb_line_break_holder] -->    <\/p>\n<div class=\"marquee-content\">Esdeveniments corporatius \u00b7 Celebracions \u00b7 Menjar acabat de fer \u00b7 Festes \u00b7 Brindis \u00b7 Plats mexicans \u00b7 Sabor aut\u00e8ntic<\/div>\n<p><!-- [et_pb_line_break_holder] --><\/div>\n<p>[\/et_pb_fullwidth_code][\/et_pb_section][et_pb_section fb_built=&#8221;1&#8243; _builder_version=&#8221;4.27.4&#8243; _module_preset=&#8221;default&#8221; background_color=&#8221;#355230&#8243; hover_enabled=&#8221;0&#8243; global_colors_info=&#8221;{}&#8221; custom_padding_last_edited=&#8221;on|tablet&#8221; sticky_enabled=&#8221;0&#8243; custom_padding_tablet=&#8221;1em||1em||true|false&#8221; custom_padding_phone=&#8221;1em||1em||true|false&#8221;][et_pb_row column_structure=&#8221;1_2,1_2&#8243; use_custom_gutter=&#8221;on&#8221; make_equal=&#8221;on&#8221; _builder_version=&#8221;4.27.4&#8243; _module_preset=&#8221;default&#8221; width=&#8221;90%&#8221; module_alignment=&#8221;center&#8221; custom_css_main_element=&#8221;align-items:center;&#8221; global_colors_info=&#8221;{}&#8221;][et_pb_column type=&#8221;1_2&#8243; _builder_version=&#8221;4.27.4&#8243; _module_preset=&#8221;default&#8221; global_colors_info=&#8221;{}&#8221;][et_pb_image src=&#8221;https:\/\/morgansmexicanfood.com\/wp-content\/uploads\/icono-cocinamos-evento-morgans.svg&#8221; alt=&#8221;Icono Cocinamos Evento Morgans&#8221; title_text=&#8221;Icono Cocinamos Evento Morgans&#8221; align=&#8221;center&#8221; _builder_version=&#8221;4.27.4&#8243; _module_preset=&#8221;default&#8221; max_width=&#8221;180px&#8221; module_alignment=&#8221;center&#8221; global_colors_info=&#8221;{}&#8221;][\/et_pb_image][et_pb_text _builder_version=&#8221;4.27.4&#8243; _module_preset=&#8221;default&#8221; header_font=&#8221;Barlow Condensed||||||||&#8221; header_font_size=&#8221;50px&#8221; header_2_font=&#8221;Barlow Condensed|||on|||||&#8221; header_2_text_align=&#8221;center&#8221; header_2_text_color=&#8221;#FFFFFF&#8221; header_2_font_size=&#8221;70px&#8221; header_2_font_size_tablet=&#8221;60px&#8221; header_2_font_size_phone=&#8221;30px&#8221; header_2_font_size_last_edited=&#8221;on|phone&#8221; global_colors_info=&#8221;{}&#8221;]<\/p>\n<h2>Cuina mexicana<br \/>acabada de fer<\/h2>\n<p>[\/et_pb_text][et_pb_text _builder_version=&#8221;4.27.4&#8243; _module_preset=&#8221;default&#8221; text_text_color=&#8221;#FFFFFF&#8221; text_orientation=&#8221;center&#8221; custom_padding=&#8221;|2em||2em|false|true&#8221; custom_padding_tablet=&#8221;|0em||0em|false|true&#8221; custom_padding_phone=&#8221;|0em||0em|false|true&#8221; custom_padding_last_edited=&#8221;on|tablet&#8221; global_colors_info=&#8221;{}&#8221;]<\/p>\n<p class=\"p1\">A Morgan\u2019s portem la nostra cuina mexicana on tu vulguis. Oferim servei per a esdeveniments amb tacos, burritos, nachos i m\u00e9s, preparats al moment. \u00c9s ideal per a celebracions, empreses o festes informals. Sabor aut\u00e8ntic, presentaci\u00f3 acurada i una experi\u00e8ncia divertida garantida.   <\/p>\n<p>[\/et_pb_text][et_pb_button button_url=&#8221;@ET-DC@eyJkeW5hbWljIjp0cnVlLCJjb250ZW50IjoicG9zdF9saW5rX3VybF9wYWdlIiwic2V0dGluZ3MiOnsicG9zdF9pZCI6IjE5In19@&#8221; button_text=&#8221;Contacta ara&#8221; button_alignment=&#8221;center&#8221; _builder_version=&#8221;4.27.4&#8243; _dynamic_attributes=&#8221;button_url&#8221; _module_preset=&#8221;default&#8221; custom_button=&#8221;on&#8221; button_text_color=&#8221;#FFFFFF&#8221; global_colors_info=&#8221;{}&#8221;][\/et_pb_button][\/et_pb_column][et_pb_column type=&#8221;1_2&#8243; _builder_version=&#8221;4.27.4&#8243; _module_preset=&#8221;default&#8221; global_colors_info=&#8221;{}&#8221;][et_pb_image src=&#8221;https:\/\/morgansmexicanfood.com\/wp-content\/uploads\/morgans-cocina-mexicana-recien-hecha.webp&#8221; alt=&#8221;Morgans Cocina Mexicana Recien Hecha&#8221; title_text=&#8221;Morgans Cocina Mexicana Recien Hecha&#8221; align=&#8221;center&#8221; _builder_version=&#8221;4.27.4&#8243; _module_preset=&#8221;default&#8221; max_width=&#8221;550px&#8221; module_alignment=&#8221;center&#8221; global_colors_info=&#8221;{}&#8221;][\/et_pb_image][\/et_pb_column][\/et_pb_row][\/et_pb_section][et_pb_section fb_built=&#8221;1&#8243; _builder_version=&#8221;4.27.4&#8243; _module_preset=&#8221;default&#8221; hover_enabled=&#8221;0&#8243; locked=&#8221;off&#8221; global_colors_info=&#8221;{}&#8221; custom_padding_last_edited=&#8221;on|tablet&#8221; sticky_enabled=&#8221;0&#8243; custom_padding_tablet=&#8221;1em||1em||true|false&#8221; custom_padding_phone=&#8221;1em||1em||true|false&#8221;][et_pb_row _builder_version=&#8221;4.27.4&#8243; _module_preset=&#8221;default&#8221; width=&#8221;90%&#8221; max_width=&#8221;1024px&#8221; module_alignment=&#8221;center&#8221; custom_padding=&#8221;||0px||false|false&#8221; global_colors_info=&#8221;{}&#8221;][et_pb_column type=&#8221;4_4&#8243; _builder_version=&#8221;4.27.4&#8243; _module_preset=&#8221;default&#8221; custom_css_main_element=&#8221;display:flex;&#8221; global_colors_info=&#8221;{}&#8221;][et_pb_image src=&#8221;https:\/\/morgansmexicanfood.com\/wp-content\/uploads\/morgans-eventos-clientes.webp&#8221; alt=&#8221;Morgans Esdeveniments Clients&#8221; title_text=&#8221;Morgans Esdeveniments Clients&#8221; align_tablet=&#8221;center&#8221; align_phone=&#8221;center&#8221; align_last_edited=&#8221;on|tablet&#8221; _builder_version=&#8221;4.27.4&#8243; _module_preset=&#8221;default&#8221; max_width=&#8221;350px&#8221; max_width_tablet=&#8221;100%&#8221; max_width_phone=&#8221;100%&#8221; max_width_last_edited=&#8221;on|tablet&#8221; custom_margin=&#8221;6em||||false|false&#8221; custom_margin_tablet=&#8221;0em||||false|false&#8221; custom_margin_phone=&#8221;0em||||false|false&#8221; custom_margin_last_edited=&#8221;on|tablet&#8221; global_colors_info=&#8221;{}&#8221;][\/et_pb_image][et_pb_image src=&#8221;https:\/\/morgansmexicanfood.com\/wp-content\/uploads\/morgans-eventos-nachos.webp&#8221; alt=&#8221;Morgans Esdeveniments Nachos&#8221; title_text=&#8221;Morgans Esdeveniments Nachos&#8221; disabled_on=&#8221;on|on|off&#8221; _builder_version=&#8221;4.27.4&#8243; _module_preset=&#8221;default&#8221; max_width=&#8221;400px&#8221; max_width_tablet=&#8221;100%&#8221; max_width_phone=&#8221;100%&#8221; max_width_last_edited=&#8221;on|tablet&#8221; module_alignment=&#8221;right&#8221; module_alignment_tablet=&#8221;center&#8221; module_alignment_phone=&#8221;center&#8221; module_alignment_last_edited=&#8221;on|tablet&#8221; locked=&#8221;off&#8221; global_colors_info=&#8221;{}&#8221;][\/et_pb_image][\/et_pb_column][\/et_pb_row][et_pb_row _builder_version=&#8221;4.27.4&#8243; _module_preset=&#8221;default&#8221; width=&#8221;90%&#8221; custom_padding=&#8221;||0px||false|false&#8221; global_colors_info=&#8221;{}&#8221;][et_pb_column type=&#8221;4_4&#8243; _builder_version=&#8221;4.27.4&#8243; _module_preset=&#8221;default&#8221; custom_css_main_element=&#8221;display:flex;&#8221; global_colors_info=&#8221;{}&#8221;][et_pb_image src=&#8221;https:\/\/morgansmexicanfood.com\/wp-content\/uploads\/morgans-eventos-y-tu-que-michelada-eres.webp&#8221; alt=&#8221;Morgans Esdeveniments I Tu Quina Michelada Ets&#8221; title_text=&#8221;Morgans Esdeveniments I Tu Quina Michelada Ets&#8221; disabled_on=&#8221;on|on|off&#8221; _builder_version=&#8221;4.27.4&#8243; _module_preset=&#8221;default&#8221; max_width=&#8221;200px&#8221; global_colors_info=&#8221;{}&#8221;][\/et_pb_image][et_pb_text _builder_version=&#8221;4.27.4&#8243; _module_preset=&#8221;default&#8221; header_2_font=&#8221;Fraunces||on||||||&#8221; header_2_text_align=&#8221;center&#8221; header_2_font_size=&#8221;70px&#8221; max_width=&#8221;750px&#8221; max_width_tablet=&#8221;100%&#8221; max_width_phone=&#8221;100%&#8221; max_width_last_edited=&#8221;on|tablet&#8221; module_alignment=&#8221;center&#8221; header_2_font_size_tablet=&#8221;50px&#8221; header_2_font_size_phone=&#8221;30px&#8221; header_2_font_size_last_edited=&#8221;on|phone&#8221; global_colors_info=&#8221;{}&#8221;]<\/p>\n<h2>Portem la nostra cuina all\u00e0 on siguis.<\/h2>\n<p>[\/et_pb_text][et_pb_image src=&#8221;https:\/\/morgansmexicanfood.com\/wp-content\/uploads\/\/morgans-logo-letra-color-1.svg&#8221; alt=&#8221;Morgans Logo Letra Color&#8221; title_text=&#8221;Morgans Logo Letra Color&#8221; disabled_on=&#8221;on|on|off&#8221; _builder_version=&#8221;4.27.4&#8243; _module_preset=&#8221;default&#8221; width=&#8221;200px&#8221; custom_margin=&#8221;-5em||||false|false&#8221; global_colors_info=&#8221;{}&#8221;][\/et_pb_image][\/et_pb_column][\/et_pb_row][et_pb_row _builder_version=&#8221;4.27.4&#8243; _module_preset=&#8221;default&#8221; width=&#8221;90%&#8221; custom_padding=&#8221;0px||||false|false&#8221; global_colors_info=&#8221;{}&#8221;][et_pb_column type=&#8221;4_4&#8243; _builder_version=&#8221;4.27.4&#8243; _module_preset=&#8221;default&#8221; custom_css_main_element=&#8221;display:flex;&#8221; global_colors_info=&#8221;{}&#8221;][et_pb_image src=&#8221;https:\/\/morgansmexicanfood.com\/wp-content\/uploads\/\/morgans-logo-icono-picante-color.svg&#8221; alt=&#8221;Morgans Logo Icono Picante Color&#8221; title_text=&#8221;Morgans Logo Icono Picante Color&#8221; align=&#8221;center&#8221; disabled_on=&#8221;on|on|off&#8221; _builder_version=&#8221;4.27.4&#8243; _module_preset=&#8221;default&#8221; width=&#8221;80px&#8221; custom_margin=&#8221;2em||||false|false&#8221; global_colors_info=&#8221;{}&#8221;][\/et_pb_image][et_pb_image src=&#8221;https:\/\/morgansmexicanfood.com\/wp-content\/uploads\/morgans-eventos-tacos.webp&#8221; alt=&#8221;Morgans Eventos Tacos&#8221; title_text=&#8221;Morgans Eventos Tacos&#8221; align=&#8221;center&#8221; disabled_on=&#8221;on|on|off&#8221; _builder_version=&#8221;4.27.4&#8243; _module_preset=&#8221;default&#8221; max_width=&#8221;280px&#8221; global_colors_info=&#8221;{}&#8221;][\/et_pb_image][et_pb_image src=&#8221;https:\/\/morgansmexicanfood.com\/wp-content\/uploads\/morgans-eventos-cocina-exterior.webp&#8221; alt=&#8221;Morgans Eventos Cocina Exterior&#8221; title_text=&#8221;Morgans Eventos Cocina Exterior&#8221; _builder_version=&#8221;4.27.4&#8243; _module_preset=&#8221;default&#8221; max_width=&#8221;400px&#8221; max_width_tablet=&#8221;100%&#8221; max_width_phone=&#8221;100%&#8221; max_width_last_edited=&#8221;on|tablet&#8221; module_alignment=&#8221;right&#8221; module_alignment_tablet=&#8221;center&#8221; module_alignment_phone=&#8221;center&#8221; module_alignment_last_edited=&#8221;on|tablet&#8221; global_colors_info=&#8221;{}&#8221;][\/et_pb_image][\/et_pb_column][\/et_pb_row][\/et_pb_section][et_pb_section fb_built=&#8221;1&#8243; fullwidth=&#8221;on&#8221; _builder_version=&#8221;4.27.4&#8243; _module_preset=&#8221;default&#8221; global_colors_info=&#8221;{}&#8221;][et_pb_fullwidth_code module_class=&#8221;marquesina-verde&#8221; _builder_version=&#8221;4.27.4&#8243; _module_preset=&#8221;default&#8221; background_enable_color=&#8221;off&#8221; custom_margin=&#8221;0px||0px||true|false&#8221; custom_padding=&#8221;0px||0px||true|false&#8221; global_colors_info=&#8221;{}&#8221;]<\/p>\n<div class=\"marquee-container\"><!-- [et_pb_line_break_holder] -->    <\/p>\n<div class=\"marquee-content\">Fes la teva reserva\u00b7<\/div>\n<p><!-- [et_pb_line_break_holder] --><\/div>\n<p>[\/et_pb_fullwidth_code][\/et_pb_section]<\/p>\n","protected":false},"excerpt":{"rendered":"<p>EsdevenimentsTens un esdeveniment? A Morgan\u2019s portem els nostres tacs, burritos i bon rotllo on tu vulguis. Cuina mexicana aut\u00e8ntica per gaudir i compartir sense complicacions. Cuina mexicanaacabada de ferA Morgan\u2019s portem la nostra cuina mexicana on tu vulguis. Oferim servei per a esdeveniments amb tacos, burritos, nachos i m\u00e9s, preparats al moment. \u00c9s ideal per [&hellip;]<\/p>\n","protected":false},"author":1,"featured_media":0,"parent":0,"menu_order":0,"comment_status":"closed","ping_status":"closed","template":"","meta":{"_et_pb_use_builder":"on","_et_pb_old_content":"","_et_gb_content_width":"","inline_featured_image":false,"footnotes":""},"class_list":["post-529","page","type-page","status-publish","hentry"],"yoast_head":"<!-- This site is optimized with the Yoast SEO plugin v26.2 - https:\/\/yoast.com\/wordpress\/plugins\/seo\/ -->\n<title>C\u00e0tering de Cuina Mexicana a Barcelona | Morgan&#039;s<\/title>\n<meta name=\"description\" content=\"Celebra els teus esdeveniments amb aut\u00e8ntica cuina mexicana: tacs, burritos i m\u00e9s. Servei personalitzat per a grups a Barcelona.\" \/>\n<meta name=\"robots\" content=\"index, follow, max-snippet:-1, max-image-preview:large, max-video-preview:-1\" \/>\n<link rel=\"canonical\" href=\"https:\/\/morgansmexicanfood.com\/eventos\/\" \/>\n<meta property=\"og:locale\" content=\"ca_ES\" \/>\n<meta property=\"og:type\" content=\"article\" \/>\n<meta property=\"og:title\" content=\"C\u00e0tering de Cuina Mexicana a Barcelona | Morgan&#039;s\" \/>\n<meta property=\"og:description\" content=\"Celebra els teus esdeveniments amb aut\u00e8ntica cuina mexicana: tacs, burritos i m\u00e9s. Servei personalitzat per a grups a Barcelona.\" \/>\n<meta property=\"og:url\" content=\"https:\/\/morgansmexicanfood.com\/eventos\/\" \/>\n<meta property=\"og:site_name\" content=\"Morgan&#039;s Streetfood\" \/>\n<meta property=\"article:modified_time\" content=\"2025-10-30T09:08:19+00:00\" \/>\n<meta name=\"twitter:card\" content=\"summary_large_image\" \/>\n<meta name=\"twitter:label1\" content=\"Temps estimat de lectura\" \/>\n\t<meta name=\"twitter:data1\" content=\"8 minuts\" \/>\n<script type=\"application\/ld+json\" class=\"yoast-schema-graph\">{\"@context\":\"https:\/\/schema.org\",\"@graph\":[{\"@type\":\"WebPage\",\"@id\":\"https:\/\/morgansmexicanfood.com\/eventos\/\",\"url\":\"https:\/\/morgansmexicanfood.com\/eventos\/\",\"name\":\"C\u00e0tering de Cuina Mexicana a Barcelona | Morgan's\",\"isPartOf\":{\"@id\":\"https:\/\/morgansmexicanfood.com\/#website\"},\"datePublished\":\"2025-10-20T13:59:31+00:00\",\"dateModified\":\"2025-10-30T09:08:19+00:00\",\"description\":\"Celebra els teus esdeveniments amb aut\u00e8ntica cuina mexicana: tacs, burritos i m\u00e9s. Servei personalitzat per a grups a Barcelona.\",\"breadcrumb\":{\"@id\":\"https:\/\/morgansmexicanfood.com\/eventos\/#breadcrumb\"},\"inLanguage\":\"ca\",\"potentialAction\":[{\"@type\":\"ReadAction\",\"target\":[\"https:\/\/morgansmexicanfood.com\/eventos\/\"]}]},{\"@type\":\"BreadcrumbList\",\"@id\":\"https:\/\/morgansmexicanfood.com\/eventos\/#breadcrumb\",\"itemListElement\":[{\"@type\":\"ListItem\",\"position\":1,\"name\":\"Home\",\"item\":\"https:\/\/morgansmexicanfood.com\/\"},{\"@type\":\"ListItem\",\"position\":2,\"name\":\"Esdeveniments\"}]},{\"@type\":\"WebSite\",\"@id\":\"https:\/\/morgansmexicanfood.com\/#website\",\"url\":\"https:\/\/morgansmexicanfood.com\/\",\"name\":\"Morgan&#039;s Streetfood\",\"description\":\"\",\"potentialAction\":[{\"@type\":\"SearchAction\",\"target\":{\"@type\":\"EntryPoint\",\"urlTemplate\":\"https:\/\/morgansmexicanfood.com\/?s={search_term_string}\"},\"query-input\":{\"@type\":\"PropertyValueSpecification\",\"valueRequired\":true,\"valueName\":\"search_term_string\"}}],\"inLanguage\":\"ca\"}]}<\/script>\n<!-- \/ Yoast SEO plugin. -->","yoast_head_json":{"title":"C\u00e0tering de Cuina Mexicana a Barcelona | Morgan's","description":"Celebra els teus esdeveniments amb aut\u00e8ntica cuina mexicana: tacs, burritos i m\u00e9s. Servei personalitzat per a grups a Barcelona.","robots":{"index":"index","follow":"follow","max-snippet":"max-snippet:-1","max-image-preview":"max-image-preview:large","max-video-preview":"max-video-preview:-1"},"canonical":"https:\/\/morgansmexicanfood.com\/eventos\/","og_locale":"ca_ES","og_type":"article","og_title":"C\u00e0tering de Cuina Mexicana a Barcelona | Morgan's","og_description":"Celebra els teus esdeveniments amb aut\u00e8ntica cuina mexicana: tacs, burritos i m\u00e9s. Servei personalitzat per a grups a Barcelona.","og_url":"https:\/\/morgansmexicanfood.com\/eventos\/","og_site_name":"Morgan&#039;s Streetfood","article_modified_time":"2025-10-30T09:08:19+00:00","twitter_card":"summary_large_image","twitter_misc":{"Temps estimat de lectura":"8 minuts"},"schema":{"@context":"https:\/\/schema.org","@graph":[{"@type":"WebPage","@id":"https:\/\/morgansmexicanfood.com\/eventos\/","url":"https:\/\/morgansmexicanfood.com\/eventos\/","name":"C\u00e0tering de Cuina Mexicana a Barcelona | Morgan's","isPartOf":{"@id":"https:\/\/morgansmexicanfood.com\/#website"},"datePublished":"2025-10-20T13:59:31+00:00","dateModified":"2025-10-30T09:08:19+00:00","description":"Celebra els teus esdeveniments amb aut\u00e8ntica cuina mexicana: tacs, burritos i m\u00e9s. Servei personalitzat per a grups a Barcelona.","breadcrumb":{"@id":"https:\/\/morgansmexicanfood.com\/eventos\/#breadcrumb"},"inLanguage":"ca","potentialAction":[{"@type":"ReadAction","target":["https:\/\/morgansmexicanfood.com\/eventos\/"]}]},{"@type":"BreadcrumbList","@id":"https:\/\/morgansmexicanfood.com\/eventos\/#breadcrumb","itemListElement":[{"@type":"ListItem","position":1,"name":"Home","item":"https:\/\/morgansmexicanfood.com\/"},{"@type":"ListItem","position":2,"name":"Esdeveniments"}]},{"@type":"WebSite","@id":"https:\/\/morgansmexicanfood.com\/#website","url":"https:\/\/morgansmexicanfood.com\/","name":"Morgan&#039;s Streetfood","description":"","potentialAction":[{"@type":"SearchAction","target":{"@type":"EntryPoint","urlTemplate":"https:\/\/morgansmexicanfood.com\/?s={search_term_string}"},"query-input":{"@type":"PropertyValueSpecification","valueRequired":true,"valueName":"search_term_string"}}],"inLanguage":"ca"}]}},"_links":{"self":[{"href":"https:\/\/morgansmexicanfood.com\/ca\/wp-json\/wp\/v2\/pages\/529","targetHints":{"allow":["GET"]}}],"collection":[{"href":"https:\/\/morgansmexicanfood.com\/ca\/wp-json\/wp\/v2\/pages"}],"about":[{"href":"https:\/\/morgansmexicanfood.com\/ca\/wp-json\/wp\/v2\/types\/page"}],"author":[{"embeddable":true,"href":"https:\/\/morgansmexicanfood.com\/ca\/wp-json\/wp\/v2\/users\/1"}],"replies":[{"embeddable":true,"href":"https:\/\/morgansmexicanfood.com\/ca\/wp-json\/wp\/v2\/comments?post=529"}],"version-history":[{"count":16,"href":"https:\/\/morgansmexicanfood.com\/ca\/wp-json\/wp\/v2\/pages\/529\/revisions"}],"predecessor-version":[{"id":804,"href":"https:\/\/morgansmexicanfood.com\/ca\/wp-json\/wp\/v2\/pages\/529\/revisions\/804"}],"wp:attachment":[{"href":"https:\/\/morgansmexicanfood.com\/ca\/wp-json\/wp\/v2\/media?parent=529"}],"curies":[{"name":"wp","href":"https:\/\/api.w.org\/{rel}","templated":true}]}}